{"id":11,"date":"2018-06-14T03:16:33","date_gmt":"2018-06-14T03:16:33","guid":{"rendered":"http:\/\/catalogo.maryorileal.com\/tvc\/?page_id=11"},"modified":"2018-07-17T20:04:57","modified_gmt":"2018-07-17T20:04:57","slug":"quienes-somos","status":"publish","type":"page","link":"https:\/\/catalogo.maryorileal.com\/tvc\/quienes-somos\/","title":{"rendered":"\u00bfQui\u00e9nes somos?"},"content":{"rendered":"<div class=\"wpb-content-wrapper\"><p>[vc_row full_width=&#8221;stretch_row&#8221; css=&#8221;.vc_custom_1531010325500{background-color: #ffffff !important;}&#8221;][vc_column width=&#8221;1\/4&#8243;][vc_raw_html]JTNDZGl2JTIwc3R5bGUlM0QlMjJiYWNrZ3JvdW5kLWNvbG9yJTNBJTIwJTIzMzhiZmMwJTNCJTIwaGVpZ2h0JTNBJTIwM3B4JTNCJTIwdGV4dC1hbGlnbiUzQSUyMHJpZ2h0JTNCJTIwbWFyZ2luJTNBJTIwYXV0byUzQiUyMHdpZHRoJTNBJTIwNTBweCUzQiUyMG1hcmdpbi10b3AlM0ElMjAxOSUyNSUzQiUyMiUzRSUzQyUyRmRpdiUzRQ==[\/vc_raw_html][\/vc_column][vc_column width=&#8221;1\/2&#8243;][vc_column_text css_animation=&#8221;fadeInUp&#8221;]<\/p>\n<p class=\"font_7\" style=\"text-align: center;\">Somos una organizaci\u00f3n constituida con la finalidad de mejorar la calidad de vida de los venezolanos a trav\u00e9s de la creaci\u00f3n y construcci\u00f3n de proyectos de ingenier\u00eda de alta calidad.<br \/>\nTVC construcciones desarrolla cada d\u00eda con su equipo de trabajo maneras m\u00e1s eficientes de llevar a cabo las actividades relacionadas al \u00e1rea de la construcci\u00f3n. Transform\u00e1ndose poco a poco en una empresa Top, en el \u00e1rea, tal como lo demuestra su trayectoria e historia de m\u00e1s de 20 a\u00f1os en Venezuela.<\/p>\n<p>[\/vc_column_text][\/vc_column][vc_column width=&#8221;1\/4&#8243;][vc_raw_html]JTNDZGl2JTIwc3R5bGUlM0QlMjJiYWNrZ3JvdW5kLWNvbG9yJTNBJTIwJTIzMzhiZmMwJTNCJTIwaGVpZ2h0JTNBJTIwM3B4JTNCJTIwdGV4dC1hbGlnbiUzQSUyMHJpZ2h0JTNCJTIwbWFyZ2luJTNBJTIwYXV0byUzQiUyMHdpZHRoJTNBJTIwNTBweCUzQiUyMG1hcmdpbi10b3AlM0ElMjAxOSUyNSUzQiUyMiUzRSUzQyUyRmRpdiUzRQ==[\/vc_raw_html][\/vc_column][\/vc_row][vc_row full_width=&#8221;stretch_row&#8221; css=&#8221;.vc_custom_1531010601503{background-color: #38bfc0 !important;}&#8221;][vc_column width=&#8221;1\/3&#8243;]<div class=\"counter counter_vertical animate-math\"><div class=\"icon_wrapper\"><\/div><div class=\"desc_wrapper\"><div class=\"number-wrapper\"><span class=\"number\" data-to=\"1995\">1995<\/span><\/div><\/div><\/div>\n[vc_custom_heading text=&#8221;A\u00f1o de<br \/>\nEstablecimiento<br \/>\n&#8221; font_container=&#8221;tag:h1|font_size:30px|text_align:center|color:%23ffffff&#8221; google_fonts=&#8221;font_family:Istok%20Web%3Aregular%2Citalic%2C700%2C700italic|font_style:700%20bold%20regular%3A700%3Anormal&#8221;][\/vc_column][vc_column width=&#8221;1\/3&#8243;]<div class=\"counter counter_vertical animate-math\"><div class=\"icon_wrapper\"><\/div><div class=\"desc_wrapper\"><div class=\"number-wrapper\"><span class=\"number\" data-to=\"68\">68<\/span><\/div><\/div><\/div>\n[vc_custom_heading text=&#8221;Proyectos<br \/>\nCompletados<br \/>\n&#8221; font_container=&#8221;tag:h1|font_size:30px|text_align:center|color:%23ffffff&#8221; google_fonts=&#8221;font_family:Istok%20Web%3Aregular%2Citalic%2C700%2C700italic|font_style:700%20bold%20regular%3A700%3Anormal&#8221;][\/vc_column][vc_column width=&#8221;1\/3&#8243;]<div class=\"counter counter_vertical animate-math\"><div class=\"icon_wrapper\"><\/div><div class=\"desc_wrapper\"><div class=\"number-wrapper\"><span class=\"number\" data-to=\"1532\">1532<\/span><\/div><\/div><\/div>\n[vc_custom_heading text=&#8221;Constructores Contratados<br \/>\n&#8221; font_container=&#8221;tag:h1|font_size:30px|text_align:center|color:%23ffffff&#8221; google_fonts=&#8221;font_family:Istok%20Web%3Aregular%2Citalic%2C700%2C700italic|font_style:700%20bold%20regular%3A700%3Anormal&#8221;][\/vc_column][\/vc_row][vc_row full_width=&#8221;stretch_row_content&#8221; css=&#8221;.vc_custom_1531018275017{background-image: url(http:\/\/catalogo.maryorileal.com\/tvc\/wp-content\/uploads\/2018\/07\/tvcconstr.jpg?id=289) !important;background-position: center !important;background-repeat: no-repeat !important;background-size: cover !important;}&#8221;][vc_column css=&#8221;.vc_custom_1531018333531{background-color: rgba(0,0,0,0.65) !important;*background-color: rgb(0,0,0) !important;}&#8221;][vc_row_inner][vc_column_inner width=&#8221;1\/4&#8243;][\/vc_column_inner][vc_column_inner width=&#8221;1\/2&#8243;][vc_custom_heading text=&#8221;MISI\u00d3N&#8221; font_container=&#8221;tag:h1|font_size:30px|text_align:center|color:%2338bfc0&#8243; google_fonts=&#8221;font_family:Istok%20Web%3Aregular%2Citalic%2C700%2C700italic|font_style:700%20bold%20regular%3A700%3Anormal&#8221; css_animation=&#8221;fadeInUp&#8221;][vc_column_text css_animation=&#8221;fadeInUp&#8221;]<\/p>\n<p style=\"text-align: center; color: #fff; font-size: 18px;\">Lograr cumplir con los deseos de nuestros clientes, a la vez que aportamos y empleamos soluciones de ingenier\u00eda que permiten acortar los tiempos de entrega entretanto nos aseguramos de garantizar alta calidad y una larga vida \u00fatil de las obras realizadas.<\/p>\n<p>[\/vc_column_text][vc_custom_heading text=&#8221;VISI\u00d3N&#8221; font_container=&#8221;tag:h1|font_size:30px|text_align:center|color:%2338bfc0&#8243; google_fonts=&#8221;font_family:Istok%20Web%3Aregular%2Citalic%2C700%2C700italic|font_style:700%20bold%20regular%3A700%3Anormal&#8221; css_animation=&#8221;fadeInUp&#8221;][vc_column_text css_animation=&#8221;fadeInUp&#8221;]<\/p>\n<p style=\"text-align: center; color: #fff; font-size: 18px;\">Ser una empresa l\u00edder en la construcci\u00f3n, demostrando eficiencia combinada con un equipo de trabajo con grandes aptitudes y experiencia en diversas ramas de la construcci\u00f3n. Lo que nos permite ir ascendiendo a\u00f1o tras a\u00f1os consolid\u00e1ndonos como una empresa l\u00edder en la industria, mientras satisfacemos a nuestros clientes de forma \u00f3ptima.<\/p>\n<p>[\/vc_column_text][vc_custom_heading text=&#8221;OBJETIVO&#8221; font_container=&#8221;tag:h1|font_size:30px|text_align:center|color:%2338bfc0&#8243; google_fonts=&#8221;font_family:Istok%20Web%3Aregular%2Citalic%2C700%2C700italic|font_style:700%20bold%20regular%3A700%3Anormal&#8221; css_animation=&#8221;fadeInUp&#8221;][vc_column_text css_animation=&#8221;fadeInUp&#8221;]<\/p>\n<p style=\"text-align: center; color: #fff; font-size: 18px;\">Conseguir la satisfacci\u00f3n de nuestros clientes a trav\u00e9s de la creaci\u00f3n y construcci\u00f3n de proyectos con rapidez y eficiencia.<\/p>\n<p>[\/vc_column_text][\/vc_column_inner][vc_column_inner width=&#8221;1\/4&#8243;][\/vc_column_inner][\/vc_row_inner][\/vc_column][\/vc_row]<\/p>\n<\/div>","protected":false},"excerpt":{"rendered":"<p>[vc_row full_width=&#8221;stretch_row&#8221; css=&#8221;.vc_custom_1531010325500{background-color: #ffffff !important;}&#8221;][vc_column width=&#8221;1\/4&#8243;][vc_raw_html]JTNDZGl2JTIwc3R5bGUlM0QlMjJiYWNrZ3JvdW5kLWNvbG9yJTNBJTIwJTIzMzhiZmMwJTNCJTIwaGVpZ2h0JTNBJTIwM3B4JTNCJTIwdGV4dC1hbGlnbiUzQSUyMHJpZ2h0JTNCJTIwbWFyZ2luJTNBJTIwYXV0byUzQiUyMHdpZHRoJTNBJTIwNTBweCUzQiUyMG1hcmdpbi10b3AlM0ElMjAxOSUyNSUzQiUyMiUzRSUzQyUyRmRpdiUzRQ==[\/vc_raw_html][\/vc_column][vc_column width=&#8221;1\/2&#8243;][vc_column_text css_animation=&#8221;fadeInUp&#8221;] Somos una organizaci\u00f3n constituida con la finalidad de mejorar la calidad de vida de los venezolanos a trav\u00e9s<span class=\"excerpt-hellip\"> [\u2026]<\/span><\/p>\n","protected":false},"author":1,"featured_media":279,"parent":0,"menu_order":0,"comment_status":"closed","ping_status":"closed","template":"","meta":{"footnotes":""},"class_list":["post-11","page","type-page","status-publish","has-post-thumbnail","hentry"],"_links":{"self":[{"href":"https:\/\/catalogo.maryorileal.com\/tvc\/wp-json\/wp\/v2\/pages\/11","targetHints":{"allow":["GET"]}}],"collection":[{"href":"https:\/\/catalogo.maryorileal.com\/tvc\/wp-json\/wp\/v2\/pages"}],"about":[{"href":"https:\/\/catalogo.maryorileal.com\/tvc\/wp-json\/wp\/v2\/types\/page"}],"author":[{"embeddable":true,"href":"https:\/\/catalogo.maryorileal.com\/tvc\/wp-json\/wp\/v2\/users\/1"}],"replies":[{"embeddable":true,"href":"https:\/\/catalogo.maryorileal.com\/tvc\/wp-json\/wp\/v2\/comments?post=11"}],"version-history":[{"count":34,"href":"https:\/\/catalogo.maryorileal.com\/tvc\/wp-json\/wp\/v2\/pages\/11\/revisions"}],"predecessor-version":[{"id":647,"href":"https:\/\/catalogo.maryorileal.com\/tvc\/wp-json\/wp\/v2\/pages\/11\/revisions\/647"}],"wp:featuredmedia":[{"embeddable":true,"href":"https:\/\/catalogo.maryorileal.com\/tvc\/wp-json\/wp\/v2\/media\/279"}],"wp:attachment":[{"href":"https:\/\/catalogo.maryorileal.com\/tvc\/wp-json\/wp\/v2\/media?parent=11"}],"curies":[{"name":"wp","href":"https:\/\/api.w.org\/{rel}","templated":true}]}}