{"id":13,"date":"2018-06-14T03:16:49","date_gmt":"2018-06-14T03:16:49","guid":{"rendered":"http:\/\/catalogo.maryorileal.com\/tvc\/?page_id=13"},"modified":"2018-07-23T20:34:50","modified_gmt":"2018-07-23T20:34:50","slug":"servicios","status":"publish","type":"page","link":"https:\/\/catalogo.maryorileal.com\/tvc\/servicios\/","title":{"rendered":"Servicios"},"content":{"rendered":"<div class=\"wpb-content-wrapper\"><p>[vc_row full_width=&#8221;stretch_row&#8221; css=&#8221;.vc_custom_1531010325500{background-color: #ffffff !important;}&#8221;][vc_column width=&#8221;1\/4&#8243;][vc_raw_html]JTNDZGl2JTIwc3R5bGUlM0QlMjJiYWNrZ3JvdW5kLWNvbG9yJTNBJTIwJTIzMzhiZmMwJTNCJTIwaGVpZ2h0JTNBJTIwM3B4JTNCJTIwdGV4dC1hbGlnbiUzQSUyMHJpZ2h0JTNCJTIwbWFyZ2luJTNBJTIwYXV0byUzQiUyMHdpZHRoJTNBJTIwNTBweCUzQiUyMG1hcmdpbi10b3AlM0ElMjAxOSUyNSUzQiUyMiUzRSUzQyUyRmRpdiUzRQ==[\/vc_raw_html][\/vc_column][vc_column width=&#8221;1\/2&#8243;][vc_column_text css_animation=&#8221;fadeInUp&#8221;]<\/p>\n<p style=\"text-align: center;\">Esforzarnos cada d\u00eda para cumplir con sus expectativas, apoy\u00e1ndonos con tecnolog\u00eda y experiencia. Combinadas con valores y pasi\u00f3n por el trabajo para crecer poco a poco y consolidarnos como una empresa l\u00edder en la industria de la construcci\u00f3n.<\/p>\n<p>[\/vc_column_text][\/vc_column][vc_column width=&#8221;1\/4&#8243;][vc_raw_html]JTNDZGl2JTIwc3R5bGUlM0QlMjJiYWNrZ3JvdW5kLWNvbG9yJTNBJTIwJTIzMzhiZmMwJTNCJTIwaGVpZ2h0JTNBJTIwM3B4JTNCJTIwdGV4dC1hbGlnbiUzQSUyMHJpZ2h0JTNCJTIwbWFyZ2luJTNBJTIwYXV0byUzQiUyMHdpZHRoJTNBJTIwNTBweCUzQiUyMG1hcmdpbi10b3AlM0ElMjAxOSUyNSUzQiUyMiUzRSUzQyUyRmRpdiUzRQ==[\/vc_raw_html][\/vc_column][\/vc_row][vc_row full_width=&#8221;stretch_row_content&#8221; css=&#8221;.vc_custom_1531188732232{background-image: url(http:\/\/catalogo.maryorileal.com\/tvc\/wp-content\/uploads\/2018\/07\/P7170011-1.jpg?id=419) !important;background-position: center !important;background-repeat: no-repeat !important;background-size: cover !important;}&#8221;][vc_column css=&#8221;.vc_custom_1531018333531{background-color: rgba(0,0,0,0.65) !important;*background-color: rgb(0,0,0) !important;}&#8221;][vc_custom_heading text=&#8221;SERVICIOS&#8221; font_container=&#8221;tag:h1|font_size:54px|text_align:center|color:%23ffffff&#8221; google_fonts=&#8221;font_family:Istok%20Web%3Aregular%2Citalic%2C700%2C700italic|font_style:700%20bold%20regular%3A700%3Anormal&#8221; css_animation=&#8221;fadeInUp&#8221;][vc_separator color=&#8221;white&#8221; el_width=&#8221;20&#8243; css_animation=&#8221;fadeInUp&#8221;][vc_column_text]<\/p>\n<p style=\"text-align: center;\"><style type='text\/css'>#rt-container-1586910869 .filter-button-group button, #rt-container-1586910869 button.slick-arrow {background-color : #38bfc0}#rt-container-1586910869 .slick-prev, #rt-container-1586910869 .slick-next, #rt-container-1586910869 .slick-dots li button:before{color : #38bfc0}<\/style><div class=\"rt-container-fluid rt-wpls\" id=\"rt-container-1586910869\" data-sc-id=\"429\"><div class=\"rt-row carousel-layout wpls-carousel\" data-slick='{ \"slidesToShow\": 5, \"slidesToScroll\": 3, \"speed\": 2000, \"dots\": true, \"arrows\": true, \"infinite\": true, \"pauseOnHover\": false, \"autoplay\": true, \"rtl\": false }' ><div class='rt-col-md-3 rt-col-sm-6 rt-col-xs-12'><div><div class='single-logo-container'><img title='CONSTRUCCI\u00d3N DE ACUEDUCTOS' src='https:\/\/catalogo.maryorileal.com\/tvc\/wp-content\/uploads\/2018\/07\/acueducto-100x100.png' width='100' height='100' class='wls-logo' alt='CONSTRUCCI\u00d3N DE ACUEDUCTOS'><div class='logo-description'><p>CONSTRUCCI\u00d3N DE ACUEDUCTOS<\/p>\n<\/div><\/div><\/div><\/div><div class='rt-col-md-3 rt-col-sm-6 rt-col-xs-12'><div><div class='single-logo-container'><img title='CONSTRUCCI\u00d3N DE AEROPUERTOS' src='https:\/\/catalogo.maryorileal.com\/tvc\/wp-content\/uploads\/2018\/07\/aeropuerto-100x100.png' width='100' height='100' class='wls-logo' alt='CONSTRUCCI\u00d3N DE AEROPUERTOS'><div class='logo-description'><p>CONSTRUCCI\u00d3N DE AEROPUERTOS<\/p>\n<\/div><\/div><\/div><\/div><div class='rt-col-md-3 rt-col-sm-6 rt-col-xs-12'><div><div class='single-logo-container'><img title='CONSTRUCCI\u00d3N DE ALCANTARILLADO' src='https:\/\/catalogo.maryorileal.com\/tvc\/wp-content\/uploads\/2018\/07\/alcantarillado-100x100.png' width='100' height='100' class='wls-logo' alt='CONSTRUCCI\u00d3N DE ALCANTARILLADO'><div class='logo-description'><p>CONSTRUCCI\u00d3N DE ALCANTARILLADO<\/p>\n<\/div><\/div><\/div><\/div><div class='rt-col-md-3 rt-col-sm-6 rt-col-xs-12'><div><div class='single-logo-container'><img title='COMPRA Y VENTA DE HIDRONEUMATICAS' src='https:\/\/catalogo.maryorileal.com\/tvc\/wp-content\/uploads\/2018\/07\/bomba-100x100.png' width='100' height='100' class='wls-logo' alt='COMPRA Y VENTA DE HIDRONEUMATICAS'><div class='logo-description'><p>COMPRA Y VENTA DE HIDRONEUMATICAS<\/p>\n<\/div><\/div><\/div><\/div><div class='rt-col-md-3 rt-col-sm-6 rt-col-xs-12'><div><div class='single-logo-container'><img title='CONSTRUCCI\u00d3N DE CARRETERAS' src='https:\/\/catalogo.maryorileal.com\/tvc\/wp-content\/uploads\/2018\/07\/carretera-100x100.png' width='100' height='100' class='wls-logo' alt='CONSTRUCCI\u00d3N DE CARRETERAS'><div class='logo-description'><p>CONSTRUCCI\u00d3N DE CARRETERAS<\/p>\n<\/div><\/div><\/div><\/div><div class='rt-col-md-3 rt-col-sm-6 rt-col-xs-12'><div><div class='single-logo-container'><img title='OBRAS DE CONSTRUCCI\u00d3N' src='https:\/\/catalogo.maryorileal.com\/tvc\/wp-content\/uploads\/2018\/07\/contruccion-100x100.png' width='100' height='100' class='wls-logo' alt='OBRAS DE CONSTRUCCI\u00d3N'><div class='logo-description'><p>OBRAS DE<br \/>\nCONSTRUCCI\u00d3N<\/p>\n<\/div><\/div><\/div><\/div><div class='rt-col-md-3 rt-col-sm-6 rt-col-xs-12'><div><div class='single-logo-container'><img title='DEMOLICI\u00d3N' src='https:\/\/catalogo.maryorileal.com\/tvc\/wp-content\/uploads\/2018\/07\/demolicion-100x100.png' width='100' height='100' class='wls-logo' alt='DEMOLICI\u00d3N'><div class='logo-description'><p>OBRAS DE<br \/>\nDEMOLICI\u00d3N<\/p>\n<\/div><\/div><\/div><\/div><div class='rt-col-md-3 rt-col-sm-6 rt-col-xs-12'><div><div class='single-logo-container'><img title='BOTE DE DESECHOS S\u00d3LIDOS' src='https:\/\/catalogo.maryorileal.com\/tvc\/wp-content\/uploads\/2018\/07\/desechos-100x100.png' width='100' height='100' class='wls-logo' alt='BOTE DE DESECHOS S\u00d3LIDOS'><div class='logo-description'><p>BOTE DE<br \/>\nDESECHOS S\u00d3LIDOS<\/p>\n<\/div><\/div><\/div><\/div><div class='rt-col-md-3 rt-col-sm-6 rt-col-xs-12'><div><div class='single-logo-container'><img title='CONSTRUCCI\u00d3N DE DIQUES' src='https:\/\/catalogo.maryorileal.com\/tvc\/wp-content\/uploads\/2018\/07\/diques-100x100.png' width='100' height='100' class='wls-logo' alt='CONSTRUCCI\u00d3N DE DIQUES'><div class='logo-description'><p>CONSTRUCCI\u00d3N<br \/>\nDE DIQUES<\/p>\n<\/div><\/div><\/div><\/div><div class='rt-col-md-3 rt-col-sm-6 rt-col-xs-12'><div><div class='single-logo-container'><img title='OBRAS EL\u00c9CTRICAS' src='https:\/\/catalogo.maryorileal.com\/tvc\/wp-content\/uploads\/2018\/07\/electrico-100x100.png' width='100' height='100' class='wls-logo' alt='OBRAS EL\u00c9CTRICAS'><div class='logo-description'><p>OBRAS<br \/>\nEL\u00c9CTRICAS<\/p>\n<\/div><\/div><\/div><\/div><div class='rt-col-md-3 rt-col-sm-6 rt-col-xs-12'><div><div class='single-logo-container'><img title='ESTRUCTURAS DE ACERO' src='https:\/\/catalogo.maryorileal.com\/tvc\/wp-content\/uploads\/2018\/07\/estructura-100x100.png' width='100' height='100' class='wls-logo' alt='ESTRUCTURAS DE ACERO'><div class='logo-description'><p>ESTRUCTURAS<br \/>\nDE ACERO<\/p>\n<\/div><\/div><\/div><\/div><div class='rt-col-md-3 rt-col-sm-6 rt-col-xs-12'><div><div class='single-logo-container'><img title='COMPRA Y VENTA DE MATERIALES DE IMPERMEABILIZACI\u00d3N' src='https:\/\/catalogo.maryorileal.com\/tvc\/wp-content\/uploads\/2018\/07\/imper-100x100.png' width='100' height='100' class='wls-logo' alt='COMPRA Y VENTA DE MATERIALES DE IMPERMEABILIZACI\u00d3N'><div class='logo-description'><p>COMPRA-VENTA<br \/>\nDE IMPERMEABILIZACI\u00d3N<\/p>\n<\/div><\/div><\/div><\/div><div class='rt-col-md-3 rt-col-sm-6 rt-col-xs-12'><div><div class='single-logo-container'><img title='LIMPIEZA QU\u00cdMICA' src='https:\/\/catalogo.maryorileal.com\/tvc\/wp-content\/uploads\/2018\/07\/limpieza-quimico-100x100.png' width='100' height='100' class='wls-logo' alt='LIMPIEZA QU\u00cdMICA'><div class='logo-description'><p>LIMPIEZA<br \/>\nQU\u00cdMICA<\/p>\n<\/div><\/div><\/div><\/div><div class='rt-col-md-3 rt-col-sm-6 rt-col-xs-12'><div><div class='single-logo-container'><img title='OBRAS MEC\u00c1NICAS' src='https:\/\/catalogo.maryorileal.com\/tvc\/wp-content\/uploads\/2018\/07\/mecanica-100x100.png' width='100' height='100' class='wls-logo' alt='OBRAS MEC\u00c1NICAS'><div class='logo-description'><p>OBRAS<br \/>\nMEC\u00c1NICAS<\/p>\n<\/div><\/div><\/div><\/div><div class='rt-col-md-3 rt-col-sm-6 rt-col-xs-12'><div><div class='single-logo-container'><img title='MOVIMIENTO DE TIERRA' src='https:\/\/catalogo.maryorileal.com\/tvc\/wp-content\/uploads\/2018\/07\/movimiento-100x100.png' width='100' height='100' class='wls-logo' alt='MOVIMIENTO DE TIERRA'><div class='logo-description'><p>MOVIMIENTO<br \/>\nDE TIERRA<\/p>\n<\/div><\/div><\/div><\/div><div class='rt-col-md-3 rt-col-sm-6 rt-col-xs-12'><div><div class='single-logo-container'><img title='OBRAS CIVILES' src='https:\/\/catalogo.maryorileal.com\/tvc\/wp-content\/uploads\/2018\/07\/obra-civil-100x100.png' width='100' height='100' class='wls-logo' alt='OBRAS CIVILES'><div class='logo-description'><p>OBRAS<br \/>\nCIVILES<\/p>\n<\/div><\/div><\/div><\/div><div class='rt-col-md-3 rt-col-sm-6 rt-col-xs-12'><div><div class='single-logo-container'><img title='PINTURA' src='https:\/\/catalogo.maryorileal.com\/tvc\/wp-content\/uploads\/2018\/07\/pintura-100x100.png' width='100' height='100' class='wls-logo' alt='PINTURA'><div class='logo-description'><p>OBRAS DE<br \/>\nPINTURA<\/p>\n<\/div><\/div><\/div><\/div><div class='rt-col-md-3 rt-col-sm-6 rt-col-xs-12'><div><div class='single-logo-container'><img title='OBRAS PETROLERAS' src='https:\/\/catalogo.maryorileal.com\/tvc\/wp-content\/uploads\/2018\/07\/petroleo-100x100.png' width='100' height='100' class='wls-logo' alt='OBRAS PETROLERAS'><div class='logo-description'><p>OBRAS<br \/>\nPETROLERAS<\/p>\n<\/div><\/div><\/div><\/div><div class='rt-col-md-3 rt-col-sm-6 rt-col-xs-12'><div><div class='single-logo-container'><img title='PLANTAS INDUSTRIALES' src='https:\/\/catalogo.maryorileal.com\/tvc\/wp-content\/uploads\/2018\/07\/plantas-100x100.png' width='100' height='100' class='wls-logo' alt='PLANTAS INDUSTRIALES'><div class='logo-description'><p>PLANTAS<br \/>\nINDUSTRIALES<\/p>\n<\/div><\/div><\/div><\/div><div class='rt-col-md-3 rt-col-sm-6 rt-col-xs-12'><div><div class='single-logo-container'><img title='CONSTRUCCI\u00d3N DE PUENTES' src='https:\/\/catalogo.maryorileal.com\/tvc\/wp-content\/uploads\/2018\/07\/puente-100x100.png' width='100' height='100' class='wls-logo' alt='CONSTRUCCI\u00d3N DE PUENTES'><div class='logo-description'><p>CONSTRUCCI\u00d3N<br \/>\nDE PUENTES<\/p>\n<\/div><\/div><\/div><\/div><div class='rt-col-md-3 rt-col-sm-6 rt-col-xs-12'><div><div class='single-logo-container'><img title='CONSTRUCCI\u00d3N DE PUERTOS' src='https:\/\/catalogo.maryorileal.com\/tvc\/wp-content\/uploads\/2018\/07\/puerto-100x100.png' width='100' height='100' class='wls-logo' alt='CONSTRUCCI\u00d3N DE PUERTOS'><div class='logo-description'><p>CONSTRUCCI\u00d3N<br \/>\nDE PUERTOS<\/p>\n<\/div><\/div><\/div><\/div><div class='rt-col-md-3 rt-col-sm-6 rt-col-xs-12'><div><div class='single-logo-container'><img title='BOTE DE MATERIAL RADIOACTIVO' src='https:\/\/catalogo.maryorileal.com\/tvc\/wp-content\/uploads\/2018\/07\/radioactivo-100x100.png' width='100' height='100' class='wls-logo' alt='BOTE DE MATERIAL RADIOACTIVO'><div class='logo-description'><p>BOTE DE MAT.<br \/>\nRADIOACTIVO<\/p>\n<\/div><\/div><\/div><\/div><div class='rt-col-md-3 rt-col-sm-6 rt-col-xs-12'><div><div class='single-logo-container'><img title='BOTE DE MATERIAL TOXICO' src='https:\/\/catalogo.maryorileal.com\/tvc\/wp-content\/uploads\/2018\/07\/toxico-100x100.png' width='100' height='100' class='wls-logo' alt='BOTE DE MATERIAL TOXICO'><div class='logo-description'><p>BOTE DE MAT.<br \/>\nTOXICO<\/p>\n<\/div><\/div><\/div><\/div><div class='rt-col-md-3 rt-col-sm-6 rt-col-xs-12'><div><div class='single-logo-container'><img title='TRANSPORTE DE CRUDO' src='https:\/\/catalogo.maryorileal.com\/tvc\/wp-content\/uploads\/2018\/07\/transporte-petroleo-100x100.png' width='100' height='100' class='wls-logo' alt='TRANSPORTE DE CRUDO'><div class='logo-description'><p>TRANSPORTE<br \/>\nDE CRUDO<\/p>\n<\/div><\/div><\/div><\/div><div class='rt-col-md-3 rt-col-sm-6 rt-col-xs-12'><div><div class='single-logo-container'><img title='ALQUILER DE MAQUINARIA' src='https:\/\/catalogo.maryorileal.com\/tvc\/wp-content\/uploads\/2018\/07\/transporte-100x100.png' width='100' height='100' class='wls-logo' alt='ALQUILER DE MAQUINARIA'><div class='logo-description'><p>ALQUILER DE<br \/>\nMAQUINARIA<\/p>\n<\/div><\/div><\/div><\/div><div class='rt-col-md-3 rt-col-sm-6 rt-col-xs-12'><div><div class='single-logo-container'><img title='URBANIZAR PREDIOS R\u00daSTICOS' src='https:\/\/catalogo.maryorileal.com\/tvc\/wp-content\/uploads\/2018\/07\/urbanizar-100x100.png' width='100' height='100' class='wls-logo' alt=''><div class='logo-description'><p>URBANIZAR<br \/>\nPREDIOS R\u00daSTICOS<\/p>\n<\/div><\/div><\/div><\/div><div class='rt-col-md-3 rt-col-sm-6 rt-col-xs-12'><div><div class='single-logo-container'><img title='ESTIMULACI\u00d3N DE POZOS' src='https:\/\/catalogo.maryorileal.com\/tvc\/wp-content\/uploads\/2018\/07\/POZOPETROLERO-100x100.png' width='100' height='100' class='wls-logo' alt=''><div class='logo-description'><p>ESTIMULACI\u00d3N<br \/>\nDE POZOS<\/p>\n<\/div><\/div><\/div><\/div><div class='rt-col-md-3 rt-col-sm-6 rt-col-xs-12'><div><div class='single-logo-container'><img title='Contaminaci\u00f3n Ambiental' src='https:\/\/catalogo.maryorileal.com\/tvc\/wp-content\/uploads\/2018\/07\/CONTAMINACIONAMBIENTAL-100x100.png' width='100' height='100' class='wls-logo' alt=''><div class='logo-description'><p>CONTAMINACI\u00d3N<br \/>\nAMBIENTAL<\/p>\n<\/div><\/div><\/div><\/div><\/div><\/div>\n<p>[\/vc_column_text][vc_custom_heading text=&#8221;GALER\u00cdA DE PROYECTOS&#8221; font_container=&#8221;tag:h1|font_size:54px|text_align:center|color:%23ffffff&#8221; google_fonts=&#8221;font_family:Istok%20Web%3Aregular%2Citalic%2C700%2C700italic|font_style:700%20bold%20regular%3A700%3Anormal&#8221; css_animation=&#8221;fadeInUp&#8221;][vc_separator color=&#8221;white&#8221; el_width=&#8221;20&#8243; css_animation=&#8221;fadeInUp&#8221;][vc_media_grid item=&#8221;mediaGrid_ScaleWithRotation&#8221; grid_id=&#8221;vc_gid:1532377030600-8da4f51b-dce9-0&#8243; include=&#8221;652,669,651,657,653,666,483,484,489,492,495,496,497,500,671,503,505,506,511,513,659,658,660,517,519,521,522,523,524,525,526,527,528,530,531,532,534,662,663,540,542,543,544,545,547,664,665,548,549,550,554,555,580,581,582,583,584,585,586,667,670,668,587,588,589,590,655,656,592,593,594,596,597,599,600,601,604,606,607,661,608,610,611,612,614,615,617,618,619,650,654,620,621,623,624,625,627,628,629,630,631,552&#8243;][\/vc_column][\/vc_row]<\/p>\n<\/div>","protected":false},"excerpt":{"rendered":"<p>[vc_row full_width=&#8221;stretch_row&#8221; css=&#8221;.vc_custom_1531010325500{background-color: #ffffff !important;}&#8221;][vc_column width=&#8221;1\/4&#8243;][vc_raw_html]JTNDZGl2JTIwc3R5bGUlM0QlMjJiYWNrZ3JvdW5kLWNvbG9yJTNBJTIwJTIzMzhiZmMwJTNCJTIwaGVpZ2h0JTNBJTIwM3B4JTNCJTIwdGV4dC1hbGlnbiUzQSUyMHJpZ2h0JTNCJTIwbWFyZ2luJTNBJTIwYXV0byUzQiUyMHdpZHRoJTNBJTIwNTBweCUzQiUyMG1hcmdpbi10b3AlM0ElMjAxOSUyNSUzQiUyMiUzRSUzQyUyRmRpdiUzRQ==[\/vc_raw_html][\/vc_column][vc_column width=&#8221;1\/2&#8243;][vc_column_text css_animation=&#8221;fadeInUp&#8221;] Esforzarnos cada d\u00eda para cumplir con sus expectativas, apoy\u00e1ndonos con tecnolog\u00eda y experiencia. Combinadas con valores y pasi\u00f3n<span class=\"excerpt-hellip\"> [\u2026]<\/span><\/p>\n","protected":false},"author":1,"featured_media":578,"parent":0,"menu_order":0,"comment_status":"closed","ping_status":"closed","template":"","meta":{"footnotes":""},"class_list":["post-13","page","type-page","status-publish","has-post-thumbnail","hentry"],"_links":{"self":[{"href":"https:\/\/catalogo.maryorileal.com\/tvc\/wp-json\/wp\/v2\/pages\/13","targetHints":{"allow":["GET"]}}],"collection":[{"href":"https:\/\/catalogo.maryorileal.com\/tvc\/wp-json\/wp\/v2\/pages"}],"about":[{"href":"https:\/\/catalogo.maryorileal.com\/tvc\/wp-json\/wp\/v2\/types\/page"}],"author":[{"embeddable":true,"href":"https:\/\/catalogo.maryorileal.com\/tvc\/wp-json\/wp\/v2\/users\/1"}],"replies":[{"embeddable":true,"href":"https:\/\/catalogo.maryorileal.com\/tvc\/wp-json\/wp\/v2\/comments?post=13"}],"version-history":[{"count":35,"href":"https:\/\/catalogo.maryorileal.com\/tvc\/wp-json\/wp\/v2\/pages\/13\/revisions"}],"predecessor-version":[{"id":672,"href":"https:\/\/catalogo.maryorileal.com\/tvc\/wp-json\/wp\/v2\/pages\/13\/revisions\/672"}],"wp:featuredmedia":[{"embeddable":true,"href":"https:\/\/catalogo.maryorileal.com\/tvc\/wp-json\/wp\/v2\/media\/578"}],"wp:attachment":[{"href":"https:\/\/catalogo.maryorileal.com\/tvc\/wp-json\/wp\/v2\/media?parent=13"}],"curies":[{"name":"wp","href":"https:\/\/api.w.org\/{rel}","templated":true}]}}